{"id":327,"date":"2023-01-02T16:16:31","date_gmt":"2023-01-02T16:16:31","guid":{"rendered":"http:\/\/localhost\/Fahrschule\/?page_id=327"},"modified":"2023-10-29T12:16:27","modified_gmt":"2023-10-29T12:16:27","slug":"angebote","status":"publish","type":"page","link":"http:\/\/vivuroqu.cyon.site\/Fahrschule\/angebote\/","title":{"rendered":"Angebote"},"content":{"rendered":"\t\t<div data-elementor-type=\"wp-page\" data-elementor-id=\"327\" class=\"elementor elementor-327\">\n\t\t\t\t\t\t\t<div class=\"elementor-element elementor-element-61e00ca e-con-full e-con\" data-id=\"61e00ca\" data-element_type=\"container\" data-settings=\"{&quot;content_width&quot;:&quot;full&quot;}\">\n\t\t<div class=\"elementor-element elementor-element-1cce678 e-con-full e-con\" data-id=\"1cce678\" data-element_type=\"container\" data-settings=\"{&quot;content_width&quot;:&quot;full&quot;}\">\n\t\t\t\t<div class=\"elementor-element elementor-element-5e57a90 elementor-widget elementor-widget-image\" data-id=\"5e57a90\" data-element_type=\"widget\" data-widget_type=\"image.default\">\n\t\t\t\t<div class=\"elementor-widget-container\">\n\t\t\t<style>\/*! elementor - v3.9.2 - 21-12-2022 *\/\n.elementor-widget-image{text-align:center}.elementor-widget-image a{display:inline-block}.elementor-widget-image a img[src$=\".svg\"]{width:48px}.elementor-widget-image img{vertical-align:middle;display:inline-block}<\/style>\t\t\t\t\t\t\t\t\t\t\t\t<img loading=\"lazy\" decoding=\"async\" width=\"150\" height=\"150\" src=\"http:\/\/vivuroqu.cyon.site\/Fahrschule\/wp-content\/uploads\/2022\/12\/Icon.png\" class=\"attachment-thumbnail size-thumbnail wp-image-71\" alt=\"A Fahrschule Logo\" \/>\t\t\t\t\t\t\t\t\t\t\t\t\t\t\t<\/div>\n\t\t\t\t<\/div>\n\t\t\t\t<\/div>\n\t\t<div class=\"elementor-element elementor-element-c8d1cb6 e-con-full e-con\" data-id=\"c8d1cb6\" data-element_type=\"container\" data-settings=\"{&quot;content_width&quot;:&quot;full&quot;}\">\n\t\t\t\t<div class=\"elementor-element elementor-element-4b6250b eael_simple_menu_hamburger_disable_selected_menu_no eael-simple-menu-hamburger-align-right eael-hamburger--tablet elementor-widget elementor-widget-eael-simple-menu\" data-id=\"4b6250b\" data-element_type=\"widget\" data-widget_type=\"eael-simple-menu.default\">\n\t\t\t\t<div class=\"elementor-widget-container\">\n\t\t\t<div data-hamburger-icon=\"&lt;i aria-hidden=&quot;true&quot; class=&quot;fas fa-bars&quot;&gt;&lt;\/i&gt;\" data-indicator-class=\"fas fa-angle-down\" data-dropdown-indicator-class=\"fas fa-angle-down\" class=\"eael-simple-menu-container eael-simple-menu-align-center eael-simple-menu-dropdown-align-left preset-2\" data-hamburger-breakpoints=\"{&quot;mobile&quot;:&quot;Mobile (&gt; 767px)&quot;,&quot;tablet&quot;:&quot;Tablet (&gt; 1024px)&quot;,&quot;none&quot;:&quot;None&quot;}\" data-hamburger-device=\"tablet\"><ul id=\"menu-hauptmenu\" class=\"eael-simple-menu eael-simple-menu-dropdown-animate-to-top eael-simple-menu-indicator eael-simple-menu-horizontal\"><li id=\"menu-item-781\" class=\"menu-item menu-item-type-post_type menu-item-object-page menu-item-home menu-item-781\"><a href=\"http:\/\/vivuroqu.cyon.site\/Fahrschule\/\">Home<\/a><\/li>\n<li id=\"menu-item-785\" class=\"menu-item menu-item-type-post_type menu-item-object-page menu-item-785\"><a href=\"http:\/\/vivuroqu.cyon.site\/Fahrschule\/der-weg-zum-eigenen-fuhrerschein\/\">Der Weg zum eigenen F\u00fchrerschein<\/a><\/li>\n<li id=\"menu-item-782\" class=\"menu-item menu-item-type-post_type menu-item-object-page menu-item-782\"><a href=\"http:\/\/vivuroqu.cyon.site\/Fahrschule\/kurse\/\">Kurse<\/a><\/li>\n<li id=\"menu-item-791\" class=\"menu-item menu-item-type-post_type menu-item-object-page menu-item-791\"><a href=\"http:\/\/vivuroqu.cyon.site\/Fahrschule\/portrait\/\">Portrait<\/a><\/li>\n<li id=\"menu-item-784\" class=\"menu-item menu-item-type-post_type menu-item-object-page menu-item-784\"><a href=\"http:\/\/vivuroqu.cyon.site\/Fahrschule\/preise\/\">Preise<\/a><\/li>\n<li id=\"menu-item-1230\" class=\"menu-item menu-item-type-post_type menu-item-object-page menu-item-1230\"><a href=\"http:\/\/vivuroqu.cyon.site\/Fahrschule\/tipps-infos\/\">Tipps &#038; Infos<\/a><\/li>\n<\/ul><\/div>\t\t<\/div>\n\t\t\t\t<\/div>\n\t\t\t\t<\/div>\n\t\t<div class=\"elementor-element elementor-element-fad6ca5 e-con-full e-con\" data-id=\"fad6ca5\" data-element_type=\"container\" data-settings=\"{&quot;content_width&quot;:&quot;full&quot;}\">\n\t\t\t\t<div class=\"elementor-element elementor-element-f051689 elementor-widget elementor-widget-button\" data-id=\"f051689\" data-element_type=\"widget\" data-widget_type=\"button.default\">\n\t\t\t\t<div class=\"elementor-widget-container\">\n\t\t\t\t\t<div class=\"elementor-button-wrapper\">\n\t\t\t<a href=\"#\" class=\"elementor-button-link elementor-button elementor-size-sm\" role=\"button\">\n\t\t\t\t\t\t<span class=\"elementor-button-content-wrapper\">\n\t\t\t\t\t\t<span class=\"elementor-button-text\">Click here<\/span>\n\t\t<\/span>\n\t\t\t\t\t<\/a>\n\t\t<\/div>\n\t\t\t\t<\/div>\n\t\t\t\t<\/div>\n\t\t\t\t<\/div>\n\t\t\t\t<\/div>\n\t\t\t\t<section class=\"elementor-section elementor-top-section elementor-element elementor-element-d3ab25f elementor-section-boxed elementor-section-height-default elementor-section-height-default\" data-id=\"d3ab25f\" data-element_type=\"section\">\n\t\t\t\t\t\t<div class=\"elementor-container elementor-column-gap-default\">\n\t\t\t\t\t<div class=\"elementor-column elementor-col-100 elementor-top-column elementor-element elementor-element-77bbcb7\" data-id=\"77bbcb7\" data-element_type=\"column\">\n\t\t\t<div class=\"elementor-widget-wrap elementor-element-populated\">\n\t\t\t\t\t\t\t\t<div class=\"elementor-element elementor-element-df257de elementor-widget elementor-widget-heading\" data-id=\"df257de\" data-element_type=\"widget\" data-widget_type=\"heading.default\">\n\t\t\t\t<div class=\"elementor-widget-container\">\n\t\t\t<style>\/*! elementor - v3.9.2 - 21-12-2022 *\/\n.elementor-heading-title{padding:0;margin:0;line-height:1}.elementor-widget-heading .elementor-heading-title[class*=elementor-size-]>a{color:inherit;font-size:inherit;line-height:inherit}.elementor-widget-heading .elementor-heading-title.elementor-size-small{font-size:15px}.elementor-widget-heading .elementor-heading-title.elementor-size-medium{font-size:19px}.elementor-widget-heading .elementor-heading-title.elementor-size-large{font-size:29px}.elementor-widget-heading .elementor-heading-title.elementor-size-xl{font-size:39px}.elementor-widget-heading .elementor-heading-title.elementor-size-xxl{font-size:59px}<\/style><h2 class=\"elementor-heading-title elementor-size-default\">Auto- und Motorradfahrschule<\/h2>\t\t<\/div>\n\t\t\t\t<\/div>\n\t\t\t\t\t<\/div>\n\t\t<\/div>\n\t\t\t\t\t\t\t<\/div>\n\t\t<\/section>\n\t\t\t\t<section class=\"elementor-section elementor-top-section elementor-element elementor-element-1f45d16 elementor-section-boxed elementor-section-height-default elementor-section-height-default\" data-id=\"1f45d16\" data-element_type=\"section\">\n\t\t\t\t\t\t<div class=\"elementor-container elementor-column-gap-default\">\n\t\t\t\t\t<div class=\"elementor-column elementor-col-100 elementor-top-column elementor-element elementor-element-8ecb0ed\" data-id=\"8ecb0ed\" data-element_type=\"column\">\n\t\t\t<div class=\"elementor-widget-wrap elementor-element-populated\">\n\t\t\t\t\t\t\t\t<div class=\"elementor-element elementor-element-283b349 elementor-widget elementor-widget-heading\" data-id=\"283b349\" data-element_type=\"widget\" data-widget_type=\"heading.default\">\n\t\t\t\t<div class=\"elementor-widget-container\">\n\t\t\t<h2 class=\"elementor-heading-title elementor-size-default\">Auto<\/h2>\t\t<\/div>\n\t\t\t\t<\/div>\n\t\t\t\t<div class=\"elementor-element elementor-element-63fe352 elementor-widget elementor-widget-text-editor\" data-id=\"63fe352\" data-element_type=\"widget\" data-widget_type=\"text-editor.default\">\n\t\t\t\t<div class=\"elementor-widget-container\">\n\t\t\t<style>\/*! elementor - v3.9.2 - 21-12-2022 *\/\n.elementor-widget-text-editor.elementor-drop-cap-view-stacked .elementor-drop-cap{background-color:#818a91;color:#fff}.elementor-widget-text-editor.elementor-drop-cap-view-framed .elementor-drop-cap{color:#818a91;border:3px solid;background-color:transparent}.elementor-widget-text-editor:not(.elementor-drop-cap-view-default) .elementor-drop-cap{margin-top:8px}.elementor-widget-text-editor:not(.elementor-drop-cap-view-default) .elementor-drop-cap-letter{width:1em;height:1em}.elementor-widget-text-editor .elementor-drop-cap{float:left;text-align:center;line-height:1;font-size:50px}.elementor-widget-text-editor .elementor-drop-cap-letter{display:inline-block}<\/style>\t\t\t\t<p>Pirmin Portmann von der A Fahrschule in Luzern ist Ihr erfahrener Autofahrlehrer f\u00fcr den Grossraum Luzern. W\u00e4hrend den Fahrlektionen fahren Sie in der Stadt Luzern und Umgebung. Sie erlernen diverse Man\u00f6ver sowie die optimale Fahrzeugbedienung und vorausschauendes Fahren. Die bestandene F\u00fchrerpr\u00fcfung ist die Kr\u00f6nung der Fahrausbildung. Wenn Ihr Fahrlehrer wie Sie der Meinung ist, dass Sie pr\u00fcfungsreif sind, meldet er Sie beim Strassenverkehrsamt zur F\u00fchrerpr\u00fcfung an.<\/p><p>An der F\u00fchrerpr\u00fcfung beurteilt ein Experte des Strassenverkehrsamtes, ob Ihre F\u00e4higkeiten als Lenker den Anspr\u00fcchen des Strassenverkehrs gen\u00fcgen. Wenn ja, erhalten Sie Ihren provisorischen F\u00fchrerschein.<\/p><p>Haben Sie die Pr\u00fcfung bestanden, d\u00fcrfen Sie endlich selbst\u00e4ndig Auto fahren. Der F\u00fchrerschein ist allerdings erst provisorisch ausgestellt, bis Sie die obligatorische Weiterbildung der 2. Ausbildungsphase (WAB-Kurse) absolviert haben.<\/p><p>Informieren Sie sich \u00fcber den Verkehrskundeunterricht.<\/p><p><img loading=\"lazy\" decoding=\"async\" class=\"alignnone wp-image-1102 size-large\" src=\"http:\/\/vivuroqu.cyon.site\/Fahrschule\/wp-content\/uploads\/2023\/09\/20230529_122153-1024x576.jpg\" alt=\"\" width=\"1024\" height=\"576\" srcset=\"http:\/\/vivuroqu.cyon.site\/Fahrschule\/wp-content\/uploads\/2023\/09\/20230529_122153-1024x576.jpg 1024w, http:\/\/vivuroqu.cyon.site\/Fahrschule\/wp-content\/uploads\/2023\/09\/20230529_122153-300x169.jpg 300w, http:\/\/vivuroqu.cyon.site\/Fahrschule\/wp-content\/uploads\/2023\/09\/20230529_122153-768x432.jpg 768w, http:\/\/vivuroqu.cyon.site\/Fahrschule\/wp-content\/uploads\/2023\/09\/20230529_122153-1536x864.jpg 1536w, http:\/\/vivuroqu.cyon.site\/Fahrschule\/wp-content\/uploads\/2023\/09\/20230529_122153-2048x1152.jpg 2048w, http:\/\/vivuroqu.cyon.site\/Fahrschule\/wp-content\/uploads\/2023\/09\/20230529_122153-800x450.jpg 800w\" sizes=\"auto, (max-width: 1024px) 100vw, 1024px\" \/><\/p><p>\u00a0<\/p>\t\t\t\t\t\t<\/div>\n\t\t\t\t<\/div>\n\t\t\t\t<div class=\"elementor-element elementor-element-71aa015 elementor-widget elementor-widget-heading\" data-id=\"71aa015\" data-element_type=\"widget\" data-widget_type=\"heading.default\">\n\t\t\t\t<div class=\"elementor-widget-container\">\n\t\t\t<h2 class=\"elementor-heading-title elementor-size-default\">Motorrad &amp; Roller<\/h2>\t\t<\/div>\n\t\t\t\t<\/div>\n\t\t\t\t<div class=\"elementor-element elementor-element-6afd999 elementor-widget elementor-widget-text-editor\" data-id=\"6afd999\" data-element_type=\"widget\" data-widget_type=\"text-editor.default\">\n\t\t\t\t<div class=\"elementor-widget-container\">\n\t\t\t\t\t\t\t<p><span style=\"font-family: Roboto, sans-serif; font-size: 20px; font-style: normal; font-variant-ligatures: normal; font-variant-caps: normal; font-weight: 400;\">Ich biete laufend Grundkurse f\u00fcr Roller A1 und Motorr\u00e4der A- und A an. Die Kurse finden normalerweise samstags statt. Andere Tage sind auf Wunsch auch m\u00f6glich. Bitte informieren Sie sich \u00fcber die n\u00e4chsten Kursdaten direkt bei mir per E-Mail\u00a0<\/span><span id=\"cloak4adbdac897accf829a9499ebd7d69f8b\" style=\"font-variant-ligatures: normal; font-variant-caps: normal; font-family: Roboto, sans-serif; font-size: 20px; font-style: normal; font-weight: 400;\"><a style=\"font-size: 20px; color: #172070; transition-duration: 0.2s; transition-timing-function: linear; list-style: none;\" href=\"mailto:info@afahrschule.ch\">info@afahrschule.ch<\/a><\/span><span style=\"font-family: Roboto, sans-serif; font-size: 20px; font-style: normal; font-variant-ligatures: normal; font-variant-caps: normal; font-weight: 400;\">\u00a0oder \u00fcber SMS\/Anruf unter 079 341 67 77.<\/span><\/p><p><span style=\"font-family: Roboto, sans-serif; font-size: 20px; font-style: normal; font-variant-ligatures: normal; font-variant-caps: normal; font-weight: 400;\"><img loading=\"lazy\" decoding=\"async\" class=\"alignnone wp-image-1121 size-large\" src=\"http:\/\/vivuroqu.cyon.site\/Fahrschule\/wp-content\/uploads\/2023\/09\/20211023_092302-2-1024x654.jpg\" alt=\"\" width=\"1024\" height=\"654\" srcset=\"http:\/\/vivuroqu.cyon.site\/Fahrschule\/wp-content\/uploads\/2023\/09\/20211023_092302-2-1024x654.jpg 1024w, http:\/\/vivuroqu.cyon.site\/Fahrschule\/wp-content\/uploads\/2023\/09\/20211023_092302-2-300x191.jpg 300w, http:\/\/vivuroqu.cyon.site\/Fahrschule\/wp-content\/uploads\/2023\/09\/20211023_092302-2-768x490.jpg 768w, http:\/\/vivuroqu.cyon.site\/Fahrschule\/wp-content\/uploads\/2023\/09\/20211023_092302-2-1536x980.jpg 1536w, http:\/\/vivuroqu.cyon.site\/Fahrschule\/wp-content\/uploads\/2023\/09\/20211023_092302-2-2048x1307.jpg 2048w\" sizes=\"auto, (max-width: 1024px) 100vw, 1024px\" \/><\/span><\/p>\t\t\t\t\t\t<\/div>\n\t\t\t\t<\/div>\n\t\t\t\t\t<\/div>\n\t\t<\/div>\n\t\t\t\t\t\t\t<\/div>\n\t\t<\/section>\n\t\t\t\t<section class=\"elementor-section elementor-top-section elementor-element elementor-element-cdd15b8 elementor-section-height-min-height elementor-section-boxed elementor-section-height-default elementor-section-items-middle\" data-id=\"cdd15b8\" data-element_type=\"section\" data-settings=\"{&quot;background_background&quot;:&quot;classic&quot;}\">\n\t\t\t\t\t\t<div class=\"elementor-container elementor-column-gap-default\">\n\t\t\t\t\t<div class=\"elementor-column elementor-col-50 elementor-top-column elementor-element elementor-element-44ee97f\" data-id=\"44ee97f\" data-element_type=\"column\">\n\t\t\t<div class=\"elementor-widget-wrap elementor-element-populated\">\n\t\t\t\t\t\t\t\t<div class=\"elementor-element elementor-element-a7212c5 elementor-widget elementor-widget-heading\" data-id=\"a7212c5\" data-element_type=\"widget\" data-widget_type=\"heading.default\">\n\t\t\t\t<div class=\"elementor-widget-container\">\n\t\t\t<h2 class=\"elementor-heading-title elementor-size-default\">Luzerner Auto + Motorrad Fahrschule Pirmin Portmann<\/h2>\t\t<\/div>\n\t\t\t\t<\/div>\n\t\t\t\t<div class=\"elementor-element elementor-element-7533892 elementor-widget elementor-widget-text-editor\" data-id=\"7533892\" data-element_type=\"widget\" data-widget_type=\"text-editor.default\">\n\t\t\t\t<div class=\"elementor-widget-container\">\n\t\t\t\t\t\t\t<p><strong>Pirmin Portmann<br \/><\/strong><\/p><div>079 341 67 77<\/div><div><a href=\"mailto:info@afahrschule.ch\">info@afahrschule.ch<\/a><\/div><p>\u00a0<\/p><address><strong>Auto und Motorrad<\/strong><br \/>Verkehrskunde | Theorie | Fahrstunden<br \/>Ruopigenplatz 4<br \/>6015 Luzern<\/address>\t\t\t\t\t\t<\/div>\n\t\t\t\t<\/div>\n\t\t\t\t\t<\/div>\n\t\t<\/div>\n\t\t\t\t<div class=\"elementor-column elementor-col-50 elementor-top-column elementor-element elementor-element-3f0183d\" data-id=\"3f0183d\" data-element_type=\"column\">\n\t\t\t<div class=\"elementor-widget-wrap elementor-element-populated\">\n\t\t\t\t\t\t\t\t<div class=\"elementor-element elementor-element-dd85ab2 elementor-widget elementor-widget-heading\" data-id=\"dd85ab2\" data-element_type=\"widget\" data-widget_type=\"heading.default\">\n\t\t\t\t<div class=\"elementor-widget-container\">\n\t\t\t<h2 class=\"elementor-heading-title elementor-size-default\">einfach & unkompliziert<\/h2>\t\t<\/div>\n\t\t\t\t<\/div>\n\t\t\t\t<div class=\"elementor-element elementor-element-e627470 elementor-widget elementor-widget-text-editor\" data-id=\"e627470\" data-element_type=\"widget\" data-widget_type=\"text-editor.default\">\n\t\t\t\t<div class=\"elementor-widget-container\">\n\t\t\t\t\t\t\t<p>Melden Sie sich schnell und unkompliziert f\u00fcr einen ausgeschriebenen Kurs, eine Fahrstunde oder andere Dienstleistung elektronisch bei uns an.<\/p>\t\t\t\t\t\t<\/div>\n\t\t\t\t<\/div>\n\t\t\t\t<div class=\"elementor-element elementor-element-83a4e5b elementor-align-left elementor-widget elementor-widget-button\" data-id=\"83a4e5b\" data-element_type=\"widget\" data-widget_type=\"button.default\">\n\t\t\t\t<div class=\"elementor-widget-container\">\n\t\t\t\t\t<div class=\"elementor-button-wrapper\">\n\t\t\t<a href=\"#\" class=\"elementor-button-link elementor-button elementor-size-lg elementor-animation-grow\" role=\"button\">\n\t\t\t\t\t\t<span class=\"elementor-button-content-wrapper\">\n\t\t\t\t\t\t<span class=\"elementor-button-text\">Online Anmeldung<\/span>\n\t\t<\/span>\n\t\t\t\t\t<\/a>\n\t\t<\/div>\n\t\t\t\t<\/div>\n\t\t\t\t<\/div>\n\t\t\t\t\t<\/div>\n\t\t<\/div>\n\t\t\t\t\t\t\t<\/div>\n\t\t<\/section>\n\t\t\t\t\t\t\t<\/div>\n\t\t","protected":false},"excerpt":{"rendered":"<p>Home Der Weg zum eigenen F\u00fchrerschein Kurse Portrait Preise Tipps &#038; Infos Click here Auto- und Motorradfahrschule Auto Pirmin Portmann von der A Fahrschule in Luzern ist Ihr erfahrener Autofahrlehrer f\u00fcr den Grossraum Luzern. W\u00e4hrend den Fahrlektionen fahren Sie in der Stadt Luzern und Umgebung. Sie erlernen diverse Man\u00f6ver sowie die optimale Fahrzeugbedienung und vorausschauendes [&hellip;]<\/p>\n","protected":false},"author":1,"featured_media":0,"parent":0,"menu_order":0,"comment_status":"closed","ping_status":"closed","template":"","meta":{"footnotes":""},"class_list":["post-327","page","type-page","status-publish","hentry","entry"],"_links":{"self":[{"href":"http:\/\/vivuroqu.cyon.site\/Fahrschule\/wp-json\/wp\/v2\/pages\/327","targetHints":{"allow":["GET"]}}],"collection":[{"href":"http:\/\/vivuroqu.cyon.site\/Fahrschule\/wp-json\/wp\/v2\/pages"}],"about":[{"href":"http:\/\/vivuroqu.cyon.site\/Fahrschule\/wp-json\/wp\/v2\/types\/page"}],"author":[{"embeddable":true,"href":"http:\/\/vivuroqu.cyon.site\/Fahrschule\/wp-json\/wp\/v2\/users\/1"}],"replies":[{"embeddable":true,"href":"http:\/\/vivuroqu.cyon.site\/Fahrschule\/wp-json\/wp\/v2\/comments?post=327"}],"version-history":[{"count":36,"href":"http:\/\/vivuroqu.cyon.site\/Fahrschule\/wp-json\/wp\/v2\/pages\/327\/revisions"}],"predecessor-version":[{"id":1256,"href":"http:\/\/vivuroqu.cyon.site\/Fahrschule\/wp-json\/wp\/v2\/pages\/327\/revisions\/1256"}],"wp:attachment":[{"href":"http:\/\/vivuroqu.cyon.site\/Fahrschule\/wp-json\/wp\/v2\/media?parent=327"}],"curies":[{"name":"wp","href":"https:\/\/api.w.org\/{rel}","templated":true}]}}