{"id":325,"date":"2023-01-02T16:16:05","date_gmt":"2023-01-02T16:16:05","guid":{"rendered":"http:\/\/localhost\/Fahrschule\/?page_id=325"},"modified":"2023-10-29T12:14:20","modified_gmt":"2023-10-29T12:14:20","slug":"kurse","status":"publish","type":"page","link":"http:\/\/vivuroqu.cyon.site\/Fahrschule\/kurse\/","title":{"rendered":"Kurse"},"content":{"rendered":"\t\t<div data-elementor-type=\"wp-page\" data-elementor-id=\"325\" class=\"elementor elementor-325\">\n\t\t\t\t\t\t\t<div class=\"elementor-element elementor-element-b450489 e-con-boxed e-con\" data-id=\"b450489\" data-element_type=\"container\" data-settings=\"{&quot;content_width&quot;:&quot;boxed&quot;}\">\n\t\t\t\t\t<div class=\"e-con-inner\">\n\t\t<div class=\"elementor-element elementor-element-88072a4 e-con-full e-con\" data-id=\"88072a4\" data-element_type=\"container\" data-settings=\"{&quot;content_width&quot;:&quot;full&quot;}\">\n\t\t\t\t<div class=\"elementor-element elementor-element-a334db1 elementor-widget elementor-widget-image\" data-id=\"a334db1\" data-element_type=\"widget\" data-widget_type=\"image.default\">\n\t\t\t\t<div class=\"elementor-widget-container\">\n\t\t\t<style>\/*! elementor - v3.9.2 - 21-12-2022 *\/\n.elementor-widget-image{text-align:center}.elementor-widget-image a{display:inline-block}.elementor-widget-image a img[src$=\".svg\"]{width:48px}.elementor-widget-image img{vertical-align:middle;display:inline-block}<\/style>\t\t\t\t\t\t\t\t\t\t\t\t<img loading=\"lazy\" decoding=\"async\" width=\"150\" height=\"150\" src=\"http:\/\/vivuroqu.cyon.site\/Fahrschule\/wp-content\/uploads\/2023\/07\/Logo_V4-ohne-Rand-150x150.png\" class=\"attachment-thumbnail size-thumbnail wp-image-983\" alt=\"\" srcset=\"http:\/\/vivuroqu.cyon.site\/Fahrschule\/wp-content\/uploads\/2023\/07\/Logo_V4-ohne-Rand-150x150.png 150w, http:\/\/vivuroqu.cyon.site\/Fahrschule\/wp-content\/uploads\/2023\/07\/Logo_V4-ohne-Rand-300x300.png 300w, http:\/\/vivuroqu.cyon.site\/Fahrschule\/wp-content\/uploads\/2023\/07\/Logo_V4-ohne-Rand-1024x1024.png 1024w, http:\/\/vivuroqu.cyon.site\/Fahrschule\/wp-content\/uploads\/2023\/07\/Logo_V4-ohne-Rand-768x768.png 768w, http:\/\/vivuroqu.cyon.site\/Fahrschule\/wp-content\/uploads\/2023\/07\/Logo_V4-ohne-Rand-1536x1536.png 1536w, http:\/\/vivuroqu.cyon.site\/Fahrschule\/wp-content\/uploads\/2023\/07\/Logo_V4-ohne-Rand-2048x2048.png 2048w, http:\/\/vivuroqu.cyon.site\/Fahrschule\/wp-content\/uploads\/2023\/07\/Logo_V4-ohne-Rand-600x600.png 600w\" sizes=\"auto, (max-width: 150px) 100vw, 150px\" \/>\t\t\t\t\t\t\t\t\t\t\t\t\t\t\t<\/div>\n\t\t\t\t<\/div>\n\t\t\t\t<\/div>\n\t\t<div class=\"elementor-element elementor-element-b8d3810 e-con-full e-con\" data-id=\"b8d3810\" data-element_type=\"container\" data-settings=\"{&quot;content_width&quot;:&quot;full&quot;}\">\n\t\t\t\t<div class=\"elementor-element elementor-element-053192f eael_simple_menu_hamburger_disable_selected_menu_no eael-simple-menu-hamburger-align-right eael-hamburger--tablet elementor-widget elementor-widget-eael-simple-menu\" data-id=\"053192f\" data-element_type=\"widget\" data-widget_type=\"eael-simple-menu.default\">\n\t\t\t\t<div class=\"elementor-widget-container\">\n\t\t\t<div data-hamburger-icon=\"&lt;i aria-hidden=&quot;true&quot; class=&quot;fas fa-bars&quot;&gt;&lt;\/i&gt;\" data-indicator-class=\"fas fa-angle-down\" data-dropdown-indicator-class=\"fas fa-angle-down\" class=\"eael-simple-menu-container eael-simple-menu-align-center eael-simple-menu-dropdown-align-left preset-2\" data-hamburger-breakpoints=\"{&quot;mobile&quot;:&quot;Mobile (&gt; 767px)&quot;,&quot;tablet&quot;:&quot;Tablet (&gt; 1024px)&quot;,&quot;none&quot;:&quot;None&quot;}\" data-hamburger-device=\"tablet\"><ul id=\"menu-hauptmenu\" class=\"eael-simple-menu eael-simple-menu-dropdown-animate-to-top eael-simple-menu-indicator eael-simple-menu-horizontal\"><li id=\"menu-item-781\" class=\"menu-item menu-item-type-post_type menu-item-object-page menu-item-home menu-item-781\"><a href=\"http:\/\/vivuroqu.cyon.site\/Fahrschule\/\">Home<\/a><\/li>\n<li id=\"menu-item-785\" class=\"menu-item menu-item-type-post_type menu-item-object-page menu-item-785\"><a href=\"http:\/\/vivuroqu.cyon.site\/Fahrschule\/der-weg-zum-eigenen-fuhrerschein\/\">Der Weg zum eigenen F\u00fchrerschein<\/a><\/li>\n<li id=\"menu-item-782\" class=\"menu-item menu-item-type-post_type menu-item-object-page menu-item-782\"><a href=\"http:\/\/vivuroqu.cyon.site\/Fahrschule\/kurse\/\">Kurse<\/a><\/li>\n<li id=\"menu-item-791\" class=\"menu-item menu-item-type-post_type menu-item-object-page menu-item-791\"><a href=\"http:\/\/vivuroqu.cyon.site\/Fahrschule\/portrait\/\">Portrait<\/a><\/li>\n<li id=\"menu-item-784\" class=\"menu-item menu-item-type-post_type menu-item-object-page menu-item-784\"><a href=\"http:\/\/vivuroqu.cyon.site\/Fahrschule\/preise\/\">Preise<\/a><\/li>\n<li id=\"menu-item-1230\" class=\"menu-item menu-item-type-post_type menu-item-object-page menu-item-1230\"><a href=\"http:\/\/vivuroqu.cyon.site\/Fahrschule\/tipps-infos\/\">Tipps &#038; Infos<\/a><\/li>\n<\/ul><\/div>\t\t<\/div>\n\t\t\t\t<\/div>\n\t\t\t\t<\/div>\n\t\t\t\t\t<\/div>\n\t\t\t\t<\/div>\n\t\t\t\t<section class=\"elementor-section elementor-top-section elementor-element elementor-element-e72c8e7 elementor-section-boxed elementor-section-height-default elementor-section-height-default\" data-id=\"e72c8e7\" data-element_type=\"section\">\n\t\t\t\t\t\t<div class=\"elementor-container elementor-column-gap-default\">\n\t\t\t\t\t<div class=\"elementor-column elementor-col-100 elementor-top-column elementor-element elementor-element-d141ebe\" data-id=\"d141ebe\" data-element_type=\"column\">\n\t\t\t<div class=\"elementor-widget-wrap elementor-element-populated\">\n\t\t\t\t\t\t\t\t<div class=\"elementor-element elementor-element-cb5524d elementor-widget elementor-widget-heading\" data-id=\"cb5524d\" data-element_type=\"widget\" data-widget_type=\"heading.default\">\n\t\t\t\t<div class=\"elementor-widget-container\">\n\t\t\t<style>\/*! elementor - v3.9.2 - 21-12-2022 *\/\n.elementor-heading-title{padding:0;margin:0;line-height:1}.elementor-widget-heading .elementor-heading-title[class*=elementor-size-]>a{color:inherit;font-size:inherit;line-height:inherit}.elementor-widget-heading .elementor-heading-title.elementor-size-small{font-size:15px}.elementor-widget-heading .elementor-heading-title.elementor-size-medium{font-size:19px}.elementor-widget-heading .elementor-heading-title.elementor-size-large{font-size:29px}.elementor-widget-heading .elementor-heading-title.elementor-size-xl{font-size:39px}.elementor-widget-heading .elementor-heading-title.elementor-size-xxl{font-size:59px}<\/style><h2 class=\"elementor-heading-title elementor-size-default\">Kurse<\/h2>\t\t<\/div>\n\t\t\t\t<\/div>\n\t\t\t\t\t<\/div>\n\t\t<\/div>\n\t\t\t\t\t\t\t<\/div>\n\t\t<\/section>\n\t\t\t\t<section class=\"elementor-section elementor-top-section elementor-element elementor-element-3cbcb7e elementor-section-boxed elementor-section-height-default elementor-section-height-default\" data-id=\"3cbcb7e\" data-element_type=\"section\">\n\t\t\t\t\t\t<div class=\"elementor-container elementor-column-gap-default\">\n\t\t\t\t\t<div class=\"elementor-column elementor-col-100 elementor-top-column elementor-element elementor-element-af2d33f\" data-id=\"af2d33f\" data-element_type=\"column\">\n\t\t\t<div class=\"elementor-widget-wrap elementor-element-populated\">\n\t\t\t\t\t\t\t\t<div class=\"elementor-element elementor-element-33370f2 elementor-widget elementor-widget-heading\" data-id=\"33370f2\" data-element_type=\"widget\" data-widget_type=\"heading.default\">\n\t\t\t\t<div class=\"elementor-widget-container\">\n\t\t\t<h2 class=\"elementor-heading-title elementor-size-default\">Motorradgrundkurs und Verkehrskundeunterrricht (VKU)<\/h2>\t\t<\/div>\n\t\t\t\t<\/div>\n\t\t\t\t<div class=\"elementor-element elementor-element-474c7aa elementor-widget elementor-widget-text-editor\" data-id=\"474c7aa\" data-element_type=\"widget\" data-widget_type=\"text-editor.default\">\n\t\t\t\t<div class=\"elementor-widget-container\">\n\t\t\t<style>\/*! elementor - v3.9.2 - 21-12-2022 *\/\n.elementor-widget-text-editor.elementor-drop-cap-view-stacked .elementor-drop-cap{background-color:#818a91;color:#fff}.elementor-widget-text-editor.elementor-drop-cap-view-framed .elementor-drop-cap{color:#818a91;border:3px solid;background-color:transparent}.elementor-widget-text-editor:not(.elementor-drop-cap-view-default) .elementor-drop-cap{margin-top:8px}.elementor-widget-text-editor:not(.elementor-drop-cap-view-default) .elementor-drop-cap-letter{width:1em;height:1em}.elementor-widget-text-editor .elementor-drop-cap{float:left;text-align:center;line-height:1;font-size:50px}.elementor-widget-text-editor .elementor-drop-cap-letter{display:inline-block}<\/style>\t\t\t\t<p>Bitte informiere dich \u00fcber die aktuellen Kursdaten f\u00fcr die Motorradgrundkurse und den Verkehrskundeunterricht (VKU) direkt bei mir per E-Mail\u00a0<span id=\"cloakd32da1755f2b54765d54967c42d676d2\"><a href=\"mailto:info@afahrschule.ch\">info@afahrschule.ch<\/a><\/span>\u00a0oder \u00fcber SMS\/Anruf unter 079 341 67 77.<\/p><p>Mit den nachfolgenden Anmeldekarten kannst du dich direkt f\u00fcr den gew\u00fcnschten Kurs anmelden. Ganz einfach ausf\u00fcllen und per E-Mail zur\u00fccksenden oder ausdrucken und dem Fahrlehrer pers\u00f6nlich abgeben.<\/p><p><img loading=\"lazy\" decoding=\"async\" class=\"alignnone wp-image-1103 size-large\" src=\"http:\/\/vivuroqu.cyon.site\/Fahrschule\/wp-content\/uploads\/2023\/09\/20230529_181008-1024x576.jpg\" alt=\"\" width=\"1024\" height=\"576\" srcset=\"http:\/\/vivuroqu.cyon.site\/Fahrschule\/wp-content\/uploads\/2023\/09\/20230529_181008-1024x576.jpg 1024w, http:\/\/vivuroqu.cyon.site\/Fahrschule\/wp-content\/uploads\/2023\/09\/20230529_181008-300x169.jpg 300w, http:\/\/vivuroqu.cyon.site\/Fahrschule\/wp-content\/uploads\/2023\/09\/20230529_181008-768x432.jpg 768w, http:\/\/vivuroqu.cyon.site\/Fahrschule\/wp-content\/uploads\/2023\/09\/20230529_181008-1536x864.jpg 1536w, http:\/\/vivuroqu.cyon.site\/Fahrschule\/wp-content\/uploads\/2023\/09\/20230529_181008-2048x1152.jpg 2048w, http:\/\/vivuroqu.cyon.site\/Fahrschule\/wp-content\/uploads\/2023\/09\/20230529_181008-800x450.jpg 800w\" sizes=\"auto, (max-width: 1024px) 100vw, 1024px\" \/><\/p>\t\t\t\t\t\t<\/div>\n\t\t\t\t<\/div>\n\t\t\t\t<div class=\"elementor-element elementor-element-aadc135 elementor-widget elementor-widget-heading\" data-id=\"aadc135\" data-element_type=\"widget\" data-widget_type=\"heading.default\">\n\t\t\t\t<div class=\"elementor-widget-container\">\n\t\t\t<span class=\"elementor-heading-title elementor-size-default\">Anmeldung Verkehrskundeunterricht VKU (Word Dokument)<\/span>\t\t<\/div>\n\t\t\t\t<\/div>\n\t\t\t\t<div class=\"elementor-element elementor-element-6438210 elementor-align-left elementor-widget elementor-widget-button\" data-id=\"6438210\" data-element_type=\"widget\" data-widget_type=\"button.default\">\n\t\t\t\t<div class=\"elementor-widget-container\">\n\t\t\t\t\t<div class=\"elementor-button-wrapper\">\n\t\t\t<a href=\"#\" class=\"elementor-button-link elementor-button elementor-size-xs elementor-animation-grow\" role=\"button\">\n\t\t\t\t\t\t<span class=\"elementor-button-content-wrapper\">\n\t\t\t\t\t\t<span class=\"elementor-button-text\">Online Anmeldung<\/span>\n\t\t<\/span>\n\t\t\t\t\t<\/a>\n\t\t<\/div>\n\t\t\t\t<\/div>\n\t\t\t\t<\/div>\n\t\t\t\t<div class=\"elementor-element elementor-element-50cdb8d elementor-align-left elementor-widget elementor-widget-button\" data-id=\"50cdb8d\" data-element_type=\"widget\" data-widget_type=\"button.default\">\n\t\t\t\t<div class=\"elementor-widget-container\">\n\t\t\t\t\t<div class=\"elementor-button-wrapper\">\n\t\t\t<a href=\"#\" class=\"elementor-button-link elementor-button elementor-size-xs elementor-animation-grow\" role=\"button\">\n\t\t\t\t\t\t<span class=\"elementor-button-content-wrapper\">\n\t\t\t\t\t\t<span class=\"elementor-button-text\">\u00dcbersicht Termine<\/span>\n\t\t<\/span>\n\t\t\t\t\t<\/a>\n\t\t<\/div>\n\t\t\t\t<\/div>\n\t\t\t\t<\/div>\n\t\t\t\t<div class=\"elementor-element elementor-element-2f88ffa elementor-widget elementor-widget-heading\" data-id=\"2f88ffa\" data-element_type=\"widget\" data-widget_type=\"heading.default\">\n\t\t\t\t<div class=\"elementor-widget-container\">\n\t\t\t<div class=\"elementor-heading-title elementor-size-default\">Anmeldung Motorradgrundkurs (Word Dokument)<\/div>\t\t<\/div>\n\t\t\t\t<\/div>\n\t\t\t\t<div class=\"elementor-element elementor-element-41ccd46 elementor-align-left elementor-widget elementor-widget-button\" data-id=\"41ccd46\" data-element_type=\"widget\" data-widget_type=\"button.default\">\n\t\t\t\t<div class=\"elementor-widget-container\">\n\t\t\t\t\t<div class=\"elementor-button-wrapper\">\n\t\t\t<a href=\"#\" class=\"elementor-button-link elementor-button elementor-size-xs elementor-animation-grow\" role=\"button\">\n\t\t\t\t\t\t<span class=\"elementor-button-content-wrapper\">\n\t\t\t\t\t\t<span class=\"elementor-button-text\">Online Anmeldung<\/span>\n\t\t<\/span>\n\t\t\t\t\t<\/a>\n\t\t<\/div>\n\t\t\t\t<\/div>\n\t\t\t\t<\/div>\n\t\t\t\t<div class=\"elementor-element elementor-element-5f277c4 elementor-align-left elementor-widget elementor-widget-button\" data-id=\"5f277c4\" data-element_type=\"widget\" data-widget_type=\"button.default\">\n\t\t\t\t<div class=\"elementor-widget-container\">\n\t\t\t\t\t<div class=\"elementor-button-wrapper\">\n\t\t\t<a href=\"#\" class=\"elementor-button-link elementor-button elementor-size-xs elementor-animation-grow\" role=\"button\">\n\t\t\t\t\t\t<span class=\"elementor-button-content-wrapper\">\n\t\t\t\t\t\t<span class=\"elementor-button-text\">\u00dcbersicht Termine<\/span>\n\t\t<\/span>\n\t\t\t\t\t<\/a>\n\t\t<\/div>\n\t\t\t\t<\/div>\n\t\t\t\t<\/div>\n\t\t\t\t<div class=\"elementor-element elementor-element-5a45b2c elementor-widget elementor-widget-heading\" data-id=\"5a45b2c\" data-element_type=\"widget\" data-widget_type=\"heading.default\">\n\t\t\t\t<div class=\"elementor-widget-container\">\n\t\t\t<h2 class=\"elementor-heading-title elementor-size-default\">Motorrad Grundschulung:<\/h2>\t\t<\/div>\n\t\t\t\t<\/div>\n\t\t\t\t<div class=\"elementor-element elementor-element-1c904cb elementor-widget elementor-widget-text-editor\" data-id=\"1c904cb\" data-element_type=\"widget\" data-widget_type=\"text-editor.default\">\n\t\t\t\t<div class=\"elementor-widget-container\">\n\t\t\t\t\t\t\t<p>Viel Spass und Freude und vor allem eine unfallfreie Fahrt, bekommst du erst nach einer sehr guten Motorradgrundschulung. Wenn eine Motorradfahrsch\u00fcler die erlernten Elemente anwendet, wie er sie gelernt hat, wird er auch sicher im Strassenverkehr unterwegs sein (Leider gibt es auch schlechte Motorradgrundkurse).<\/p><p>An meinem Grundkurs machen wir Zusatz\u00fcbungen, die dir sp\u00e4ter mehr Selbstvertrauen und Sicherheit geben.<\/p><p>Zum Beispiel:<\/p><ul><li><p>Handhabung der Bremshebel und Regulierung des Bremsdruckes<\/p><\/li><li><p>Das A und O vom Bremsen, was dir auch in Notsituationen hilft, richtig zu Reagieren<\/p><\/li><li><p>Beherrschtes Lenken (Hindernisse)<\/p><\/li><li><p>Richtige Dosierung vom Gas<\/p><\/li><li><p>Fahrdynamik; Beschleunigen und Bremsen<\/p><\/li><li><p>Intelligentes Fahren mit dem Motorrad (Fahrzeugsicherheit)<\/p><\/li><li><p>Optimale Motorradbedienung (beim Kurvenfahren)<\/p><\/li><li><p>Tipps und Tricks<\/p><\/li><\/ul>\t\t\t\t\t\t<\/div>\n\t\t\t\t<\/div>\n\t\t\t\t\t<\/div>\n\t\t<\/div>\n\t\t\t\t\t\t\t<\/div>\n\t\t<\/section>\n\t\t\t\t<section class=\"elementor-section elementor-top-section elementor-element elementor-element-3738293 elementor-section-height-min-height elementor-section-boxed elementor-section-height-default elementor-section-items-middle\" data-id=\"3738293\" data-element_type=\"section\" data-settings=\"{&quot;background_background&quot;:&quot;classic&quot;}\">\n\t\t\t\t\t\t<div class=\"elementor-container elementor-column-gap-default\">\n\t\t\t\t\t<div class=\"elementor-column elementor-col-50 elementor-top-column elementor-element elementor-element-9cfbd29\" data-id=\"9cfbd29\" data-element_type=\"column\">\n\t\t\t<div class=\"elementor-widget-wrap elementor-element-populated\">\n\t\t\t\t\t\t\t\t<div class=\"elementor-element elementor-element-510b91f elementor-widget elementor-widget-heading\" data-id=\"510b91f\" data-element_type=\"widget\" data-widget_type=\"heading.default\">\n\t\t\t\t<div class=\"elementor-widget-container\">\n\t\t\t<h2 class=\"elementor-heading-title elementor-size-default\">Luzerner Auto + Motorrad Fahrschule Pirmin Portmann<\/h2>\t\t<\/div>\n\t\t\t\t<\/div>\n\t\t\t\t<div class=\"elementor-element elementor-element-6fc2954 elementor-widget elementor-widget-text-editor\" data-id=\"6fc2954\" data-element_type=\"widget\" data-widget_type=\"text-editor.default\">\n\t\t\t\t<div class=\"elementor-widget-container\">\n\t\t\t\t\t\t\t<p><strong>Pirmin Portmann<br \/><\/strong><\/p><div>079 341 67 77<\/div><div><a href=\"mailto:info@afahrschule.ch\">info@afahrschule.ch<\/a><\/div><p>\u00a0<\/p><address><strong>Auto und Motorrad<\/strong><br \/>Verkehrskunde | Theorie | Fahrstunden<br \/>Ruopigenplatz 4<br \/>6015 Luzern<\/address>\t\t\t\t\t\t<\/div>\n\t\t\t\t<\/div>\n\t\t\t\t\t<\/div>\n\t\t<\/div>\n\t\t\t\t<div class=\"elementor-column elementor-col-50 elementor-top-column elementor-element elementor-element-f44b759\" data-id=\"f44b759\" data-element_type=\"column\">\n\t\t\t<div class=\"elementor-widget-wrap elementor-element-populated\">\n\t\t\t\t\t\t\t\t<div class=\"elementor-element elementor-element-0cf5972 elementor-widget elementor-widget-heading\" data-id=\"0cf5972\" data-element_type=\"widget\" data-widget_type=\"heading.default\">\n\t\t\t\t<div class=\"elementor-widget-container\">\n\t\t\t<h2 class=\"elementor-heading-title elementor-size-default\">einfach & unkompliziert<\/h2>\t\t<\/div>\n\t\t\t\t<\/div>\n\t\t\t\t<div class=\"elementor-element elementor-element-26a901b elementor-widget elementor-widget-text-editor\" data-id=\"26a901b\" data-element_type=\"widget\" data-widget_type=\"text-editor.default\">\n\t\t\t\t<div class=\"elementor-widget-container\">\n\t\t\t\t\t\t\t<p>Melden Sie sich schnell und unkompliziert f\u00fcr einen ausgeschriebenen Kurs, eine Fahrstunde oder andere Dienstleistung elektronisch bei uns an.<\/p>\t\t\t\t\t\t<\/div>\n\t\t\t\t<\/div>\n\t\t\t\t<div class=\"elementor-element elementor-element-e2642b9 elementor-align-left elementor-widget elementor-widget-button\" data-id=\"e2642b9\" data-element_type=\"widget\" data-widget_type=\"button.default\">\n\t\t\t\t<div class=\"elementor-widget-container\">\n\t\t\t\t\t<div class=\"elementor-button-wrapper\">\n\t\t\t<a href=\"#\" class=\"elementor-button-link elementor-button elementor-size-lg elementor-animation-grow\" role=\"button\">\n\t\t\t\t\t\t<span class=\"elementor-button-content-wrapper\">\n\t\t\t\t\t\t<span class=\"elementor-button-text\">Online Anmeldung<\/span>\n\t\t<\/span>\n\t\t\t\t\t<\/a>\n\t\t<\/div>\n\t\t\t\t<\/div>\n\t\t\t\t<\/div>\n\t\t\t\t\t<\/div>\n\t\t<\/div>\n\t\t\t\t\t\t\t<\/div>\n\t\t<\/section>\n\t\t\t\t\t\t\t<\/div>\n\t\t","protected":false},"excerpt":{"rendered":"<p>Home Der Weg zum eigenen F\u00fchrerschein Kurse Portrait Preise Tipps &#038; Infos Kurse Motorradgrundkurs und Verkehrskundeunterrricht (VKU) Bitte informiere dich \u00fcber die aktuellen Kursdaten f\u00fcr die Motorradgrundkurse und den Verkehrskundeunterricht (VKU) direkt bei mir per E-Mail\u00a0info@afahrschule.ch\u00a0oder \u00fcber SMS\/Anruf unter 079 341 67 77. Mit den nachfolgenden Anmeldekarten kannst du dich direkt f\u00fcr den gew\u00fcnschten Kurs [&hellip;]<\/p>\n","protected":false},"author":1,"featured_media":0,"parent":0,"menu_order":0,"comment_status":"closed","ping_status":"closed","template":"","meta":{"footnotes":""},"class_list":["post-325","page","type-page","status-publish","hentry","entry"],"_links":{"self":[{"href":"http:\/\/vivuroqu.cyon.site\/Fahrschule\/wp-json\/wp\/v2\/pages\/325","targetHints":{"allow":["GET"]}}],"collection":[{"href":"http:\/\/vivuroqu.cyon.site\/Fahrschule\/wp-json\/wp\/v2\/pages"}],"about":[{"href":"http:\/\/vivuroqu.cyon.site\/Fahrschule\/wp-json\/wp\/v2\/types\/page"}],"author":[{"embeddable":true,"href":"http:\/\/vivuroqu.cyon.site\/Fahrschule\/wp-json\/wp\/v2\/users\/1"}],"replies":[{"embeddable":true,"href":"http:\/\/vivuroqu.cyon.site\/Fahrschule\/wp-json\/wp\/v2\/comments?post=325"}],"version-history":[{"count":80,"href":"http:\/\/vivuroqu.cyon.site\/Fahrschule\/wp-json\/wp\/v2\/pages\/325\/revisions"}],"predecessor-version":[{"id":1253,"href":"http:\/\/vivuroqu.cyon.site\/Fahrschule\/wp-json\/wp\/v2\/pages\/325\/revisions\/1253"}],"wp:attachment":[{"href":"http:\/\/vivuroqu.cyon.site\/Fahrschule\/wp-json\/wp\/v2\/media?parent=325"}],"curies":[{"name":"wp","href":"https:\/\/api.w.org\/{rel}","templated":true}]}}